{"id":1110,"date":"2022-10-19T08:16:19","date_gmt":"2022-10-19T08:16:19","guid":{"rendered":"https:\/\/startersites.io\/elementor\/wedding\/?page_id=1110"},"modified":"2026-02-14T09:39:47","modified_gmt":"2026-02-14T08:39:47","slug":"about","status":"publish","type":"page","link":"https:\/\/modallas-event.com\/en\/about\/","title":{"rendered":"About us"},"content":{"rendered":"<div data-elementor-type=\"wp-page\" data-elementor-id=\"1110\" class=\"elementor elementor-1110\">\n\t\t\t\t<div class=\"elementor-element elementor-element-872ff78 e-con-full e-flex e-con e-parent\" data-id=\"872ff78\" data-element_type=\"container\" data-e-type=\"container\" data-settings=\"{&quot;background_background&quot;:&quot;classic&quot;}\">\n\t\t\t\t<div class=\"elementor-element elementor-element-7c38c61 elementor-widget elementor-widget-heading\" data-id=\"7c38c61\" data-element_type=\"widget\" data-e-type=\"widget\" data-widget_type=\"heading.default\">\n\t\t\t\t\t<h1 class=\"elementor-heading-title elementor-size-default\">About us<\/h1>\t\t\t\t<\/div>\n\t\t\t\t<\/div>\n\t\t<div class=\"elementor-element elementor-element-19596e0 e-flex e-con-boxed e-con e-parent\" data-id=\"19596e0\" data-element_type=\"container\" data-e-type=\"container\">\n\t\t\t\t\t<div class=\"e-con-inner\">\n\t\t<div class=\"elementor-element elementor-element-c4fe122 e-con-full e-flex e-con e-child\" data-id=\"c4fe122\" data-element_type=\"container\" data-e-type=\"container\" id=\"marque\" data-settings=\"{&quot;background_background&quot;:&quot;classic&quot;}\">\n\t\t<div class=\"elementor-element elementor-element-31ab3e6 e-con-full e-flex e-con e-child\" data-id=\"31ab3e6\" data-element_type=\"container\" data-e-type=\"container\" data-settings=\"{&quot;background_background&quot;:&quot;classic&quot;}\">\n\t\t\t\t<div class=\"elementor-element elementor-element-72d7257 elementor-widget elementor-widget-heading\" data-id=\"72d7257\" data-element_type=\"widget\" data-e-type=\"widget\" data-widget_type=\"heading.default\">\n\t\t\t\t\t<h2 class=\"elementor-heading-title elementor-size-default\">MODALLA'S EVENT &amp; DESIGN<\/h2>\t\t\t\t<\/div>\n\t\t\t\t<\/div>\n\t\t<div class=\"elementor-element elementor-element-4bce592 e-grid e-con-full e-con e-child\" data-id=\"4bce592\" data-element_type=\"container\" data-e-type=\"container\">\n\t\t\t\t<div class=\"elementor-element elementor-element-94b7c3e elementor-widget elementor-widget-text-editor\" data-id=\"94b7c3e\" data-element_type=\"widget\" data-e-type=\"widget\" data-widget_type=\"text-editor.default\">\n\t\t\t\t\t\t\t\t\t<p data-start=\"447\" data-end=\"830\">Nous accompagnons nos clients dans la planification, la coordination et la mise en \u0153uvre d\u2019\u00e9v\u00e9nements uniques \u2014 qu\u2019il s\u2019agisse de c\u00e9l\u00e9brations priv\u00e9es, de mariages d\u2019exception ou de projets corporate \u00e0 grande \u00e9chelle.<br data-start=\"698\" data-end=\"701\" \/>Notre mission est claire : <strong style=\"color: #d4af37;\" data-start=\"728\" data-end=\"829\">transformer chaque id\u00e9e en une exp\u00e9rience qui suscite l\u2019\u00e9motion et reste grav\u00e9e dans les m\u00e9moires<\/strong>.<\/p><p data-start=\"832\" data-end=\"1205\">Forts d\u2019un savoir-faire reconnu et d\u2019une sensibilit\u00e9 artistique affirm\u00e9e, nous orchestrons vos \u00e9v\u00e9nements avec une parfaite ma\u00eetrise de l\u2019esth\u00e9tique, un sens du d\u00e9tail aigu et une organisation sans faille. Rien n\u2019est laiss\u00e9 au hasard : de la conception de l\u2019ambiance \u00e0 la sc\u00e9nographie, chaque \u00e9l\u00e9ment est pens\u00e9, ajust\u00e9 et sublim\u00e9 pour refl\u00e9ter votre univers et vos valeurs.<\/p><p data-start=\"1207\" data-end=\"1614\">Entreprise cr\u00e9ative et visionnaire, <strong style=\"color: #d4af37;\" data-start=\"1243\" data-end=\"1270\">Modallas Event &amp; Design<\/strong> s\u2019est sp\u00e9cialis\u00e9e dans la <strong style=\"color: #d4af37;\" data-start=\"1297\" data-end=\"1326\">d\u00e9coration \u00e9v\u00e9nementielle<\/strong>, la <strong style=\"color: #d4af37;\" data-start=\"1331\" data-end=\"1367\">conception d\u2019ambiances visuelles<\/strong> et la <strong style=\"color: #d4af37;\" data-start=\"1374\" data-end=\"1414\">r\u00e9alisation d\u2019exp\u00e9riences sur mesure<\/strong>. Nous abordons chaque projet comme une \u0153uvre \u00e0 part enti\u00e8re \u2014 une cr\u00e9ation singuli\u00e8re o\u00f9 l\u2019harmonie des formes, des couleurs et des mati\u00e8res dialogue avec l\u2019\u00e9motion et la personnalit\u00e9 de nos clients.<\/p><p data-start=\"1616\" data-end=\"2024\">Inspir\u00e9e par la beaut\u00e9 des espaces, la richesse des textures et le pouvoir des d\u00e9tails, notre approche se distingue par son <strong style=\"color: #d4af37;\" data-start=\"1740\" data-end=\"1762\">\u00e9l\u00e9gance naturelle<\/strong> et son <strong style=\"color: #d4af37;\" data-start=\"1770\" data-end=\"1794\">authenticit\u00e9 humaine<\/strong>.<br data-start=\"1795\" data-end=\"1798\" \/>Nous croyons que la r\u00e9ussite d\u2019un \u00e9v\u00e9nement ne r\u00e9side pas seulement dans sa mise en sc\u00e8ne, mais dans la <strong style=\"color: #d4af37;\" data-start=\"1902\" data-end=\"1928\">connexion \u00e9motionnelle<\/strong> qu\u2019il cr\u00e9e : ce moment pr\u00e9cis o\u00f9 le design devient une exp\u00e9rience vivante, un souvenir partag\u00e9.<\/p><p data-start=\"2026\" data-end=\"2591\">\u00a0<\/p>\t\t\t\t\t\t\t\t<\/div>\n\t\t\t\t<div class=\"elementor-element elementor-element-b960a75 elementor-widget elementor-widget-text-editor\" data-id=\"b960a75\" data-element_type=\"widget\" data-e-type=\"widget\" data-widget_type=\"text-editor.default\">\n\t\t\t\t\t\t\t\t\t<p data-start=\"2026\" data-end=\"2591\"><span style=\"font-family: Georgia, sans-serif;\">Notre \u00e9quipe passionn\u00e9e, cr\u00e9ative et rigoureuse s\u2019engage \u00e0 donner vie \u00e0 votre vision. De la premi\u00e8re esquisse \u00e0 la derni\u00e8re touche d\u00e9corative, nous mettons notre expertise au service de votre histoire, en concevant, sc\u00e9nographiant et orchestrant des environnements empreints d\u2019\u00e9motion, d\u2019\u00e9quilibre et de raffinement.<\/span><br \/>Nous cultivons un go\u00fbt prononc\u00e9 pour la pr\u00e9cision : la coh\u00e9rence d\u2019une palette de couleurs, la justesse d\u2019une lumi\u00e8re, la texture d\u2019un tissu ou la disposition d\u2019un centre de table peuvent transformer un simple espace en v\u00e9ritable \u0153uvre immersive.<\/p><p data-start=\"2593\" data-end=\"2931\">Avec un <strong style=\"color: #d4af37;\" data-start=\"2601\" data-end=\"2628\">souci du d\u00e9tail in\u00e9gal\u00e9<\/strong> et un <strong style=\"color: #d4af37;\" data-start=\"2635\" data-end=\"2657\">service sur mesure<\/strong>, nous cr\u00e9ons des exp\u00e9riences qui marquent les esprits \u2014 des moments o\u00f9 le design rencontre l\u2019\u00e9motion, et o\u00f9 chaque instant refl\u00e8te votre essence.<br data-start=\"2803\" data-end=\"2806\" \/>Notre d\u00e9marche repose sur l\u2019\u00e9coute, la collaboration et la confiance, car chaque projet est avant tout une rencontre humaine.<\/p><p data-start=\"2933\" data-end=\"3340\">La <strong style=\"color: #d4af37;\" data-start=\"2936\" data-end=\"2964\">qualit\u00e9 de notre travail<\/strong> et notre <strong style=\"color: #d4af37;\" data-start=\"2974\" data-end=\"3000\">approche personnalis\u00e9e<\/strong> s\u2019appuient sur des relations privil\u00e9gi\u00e9es avec des partenaires cr\u00e9atifs de renom \u2014 artisans, fleuristes, designers, techniciens \u2014 qui partagent notre passion, notre exigence et notre professionnalisme. Ensemble, nous repoussons les limites du possible pour donner naissance \u00e0 des concepts toujours plus audacieux, harmonieux et inspirants.<\/p><p data-start=\"3342\" data-end=\"3661\">Chez <strong style=\"color: #d4af37;\" data-start=\"3347\" data-end=\"3374\">Modallas Event &amp; Design<\/strong>, chaque \u00e9v\u00e9nement est bien plus qu\u2019une simple prestation :<br data-start=\"3433\" data-end=\"3436\" \/>c\u2019est une <strong style=\"color: #d4af37;\" data-start=\"3446\" data-end=\"3500\">exp\u00e9rience sensorielle, esth\u00e9tique et \u00e9motionnelle<\/strong>, une c\u00e9l\u00e9bration de l\u2019art de recevoir et de la beaut\u00e9 du moment pr\u00e9sent.<br data-start=\"3573\" data-end=\"3576\" \/>Parce que chaque histoire m\u00e9rite d\u2019\u00eatre racont\u00e9e avec \u00e9l\u00e9gance, \u00e9motion et sinc\u00e9rit\u00e9.<\/p>\t\t\t\t\t\t\t\t<\/div>\n\t\t\t\t<\/div>\n\t\t\t\t<\/div>\n\t\t\t\t\t<\/div>\n\t\t\t\t<\/div>\n\t\t<div class=\"elementor-element elementor-element-ca98317 e-flex e-con-boxed e-con e-parent\" data-id=\"ca98317\" data-element_type=\"container\" data-e-type=\"container\" data-settings=\"{&quot;background_background&quot;:&quot;classic&quot;}\">\n\t\t\t\t\t<div class=\"e-con-inner\">\n\t\t<div class=\"elementor-element elementor-element-85d3823 e-con-full e-flex e-con e-child\" data-id=\"85d3823\" data-element_type=\"container\" data-e-type=\"container\">\n\t\t\t\t<div class=\"elementor-element elementor-element-e053926 elementor-widget elementor-widget-heading\" data-id=\"e053926\" data-element_type=\"widget\" data-e-type=\"widget\" data-widget_type=\"heading.default\">\n\t\t\t\t\t<h2 class=\"elementor-heading-title elementor-size-default\">Le Fondateur<\/h2>\t\t\t\t<\/div>\n\t\t\t\t<div class=\"elementor-element elementor-element-730205e elementor-widget__width-auto elementor-widget elementor-widget-text-editor\" data-id=\"730205e\" data-element_type=\"widget\" data-e-type=\"widget\" data-widget_type=\"text-editor.default\">\n\t\t\t\t\t\t\t\t\t<p><strong>Allassani Odilon Mohamad<\/strong>, passionn\u00e9 de design, d\u2019esth\u00e9tique et d\u2019organisation \u00e9v\u00e9nementielle, est le fondateur de Modallas&rsquo;s Event and Design. Il cumule une exp\u00e9rience acquise \u00e0 travers la conception, l\u2019organisation et la coordination de plus de <strong>50 \u00e9v\u00e9nements<\/strong>, incluant anniversaires, mariages, hommages et \u00e9v\u00e9nements corporates.<br \/>Anim\u00e9 par la volont\u00e9 de transformer chaque c\u00e9l\u00e9bration en une exp\u00e9rience visuellement marquante et \u00e9motionnellement forte, il a cr\u00e9\u00e9 Modallas&rsquo;s Event and Design afin d\u2019offrir une approche innovante, personnalis\u00e9e et cr\u00e9ative de l\u2019\u00e9v\u00e9nementiel au B\u00e9nin.<\/p>\t\t\t\t\t\t\t\t<\/div>\n\t\t\t\t<\/div>\n\t\t<div class=\"elementor-element elementor-element-0463e7b e-con-full e-flex e-con e-child\" data-id=\"0463e7b\" data-element_type=\"container\" data-e-type=\"container\">\n\t\t\t\t<div class=\"elementor-element elementor-element-c2012d2 elementor-widget elementor-widget-image\" data-id=\"c2012d2\" data-element_type=\"widget\" data-e-type=\"widget\" data-widget_type=\"image.default\">\n\t\t\t\t\t\t\t\t\t\t\t\t\t\t\t<img fetchpriority=\"high\" decoding=\"async\" width=\"386\" height=\"577\" src=\"https:\/\/modallas-event.com\/wp-content\/uploads\/2026\/02\/Founder.png\" class=\"elementor-animation-bob attachment-1536x1536 size-1536x1536 wp-image-1973\" alt=\"\" srcset=\"https:\/\/modallas-event.com\/wp-content\/uploads\/2026\/02\/Founder.png 386w, https:\/\/modallas-event.com\/wp-content\/uploads\/2026\/02\/Founder-201x300.png 201w, https:\/\/modallas-event.com\/wp-content\/uploads\/2026\/02\/Founder-8x12.png 8w\" sizes=\"(max-width: 386px) 100vw, 386px\" \/>\t\t\t\t\t\t\t\t\t\t\t\t\t\t\t<\/div>\n\t\t\t\t<\/div>\n\t\t<div class=\"elementor-element elementor-element-9d95527 e-con-full e-flex e-con e-child\" data-id=\"9d95527\" data-element_type=\"container\" data-e-type=\"container\" data-settings=\"{&quot;background_background&quot;:&quot;classic&quot;}\">\n\t\t\t\t<div class=\"elementor-element elementor-element-08e87b9 elementor-widget__width-inherit elementor-widget elementor-widget-text-editor\" data-id=\"08e87b9\" data-element_type=\"widget\" data-e-type=\"widget\" data-widget_type=\"text-editor.default\">\n\t\t\t\t\t\t\t\t\t<p>\u00ab\u00a0Entre l&rsquo;\u00e9l\u00e9gance et simplicit\u00e9, faites le choix de l&rsquo;\u00e9l\u00e9gance puisqu&rsquo;elle ne passe pas inaper\u00e7u.\u00a0\u00bb<\/p>\t\t\t\t\t\t\t\t<\/div>\n\t\t\t\t<div class=\"elementor-element elementor-element-6148514 elementor-widget elementor-widget-image\" data-id=\"6148514\" data-element_type=\"widget\" data-e-type=\"widget\" data-widget_type=\"image.default\">\n\t\t\t\t\t\t\t\t\t\t\t\t\t\t\t<img decoding=\"async\" width=\"1024\" height=\"512\" src=\"https:\/\/modallas-event.com\/wp-content\/uploads\/2026\/02\/name-1024x512.png\" class=\"attachment-large size-large wp-image-1974\" alt=\"\" srcset=\"https:\/\/modallas-event.com\/wp-content\/uploads\/2026\/02\/name-1024x512.png 1024w, https:\/\/modallas-event.com\/wp-content\/uploads\/2026\/02\/name-300x150.png 300w, https:\/\/modallas-event.com\/wp-content\/uploads\/2026\/02\/name-768x384.png 768w, https:\/\/modallas-event.com\/wp-content\/uploads\/2026\/02\/name-1536x768.png 1536w, https:\/\/modallas-event.com\/wp-content\/uploads\/2026\/02\/name-2048x1024.png 2048w, https:\/\/modallas-event.com\/wp-content\/uploads\/2026\/02\/name-18x9.png 18w\" sizes=\"(max-width: 1024px) 100vw, 1024px\" \/>\t\t\t\t\t\t\t\t\t\t\t\t\t\t\t<\/div>\n\t\t\t\t<\/div>\n\t\t\t\t\t<\/div>\n\t\t\t\t<\/div>\n\t\t<div class=\"elementor-element elementor-element-2952ec7 e-flex e-con-boxed e-con e-parent\" data-id=\"2952ec7\" data-element_type=\"container\" data-e-type=\"container\">\n\t\t\t\t\t<div class=\"e-con-inner\">\n\t\t<div class=\"elementor-element elementor-element-71db933 e-con-full e-flex e-con e-child\" data-id=\"71db933\" data-element_type=\"container\" data-e-type=\"container\" data-settings=\"{&quot;background_background&quot;:&quot;classic&quot;}\">\n\t\t\t\t<div class=\"elementor-element elementor-element-71edb72 elementor-widget elementor-widget-text-editor\" data-id=\"71edb72\" data-element_type=\"widget\" data-e-type=\"widget\" data-widget_type=\"text-editor.default\">\n\t\t\t\t\t\t\t\t\t<p>Vous avez une id\u00e9e ? Nous avons la magie pour la r\u00e9aliser.<\/p>\t\t\t\t\t\t\t\t<\/div>\n\t\t\t\t<div class=\"elementor-element elementor-element-9153611 elementor-widget elementor-widget-heading\" data-id=\"9153611\" data-element_type=\"widget\" data-e-type=\"widget\" data-widget_type=\"heading.default\">\n\t\t\t\t\t<h2 class=\"elementor-heading-title elementor-size-default\">Cr\u00e9ons ensemble votre prochain \u00e9v\u00e9nement.<\/h2>\t\t\t\t<\/div>\n\t\t\t\t<div class=\"elementor-element elementor-element-2b86fa2 elementor-widget elementor-widget-button\" data-id=\"2b86fa2\" data-element_type=\"widget\" data-e-type=\"widget\" data-widget_type=\"button.default\">\n\t\t\t\t\t\t\t\t\t\t<a class=\"elementor-button elementor-button-link elementor-size-sm elementor-animation-bob\" href=\"\/modella\/contact\/#form\">\n\t\t\t\t\t\t<span class=\"elementor-button-content-wrapper\">\n\t\t\t\t\t\t<span class=\"elementor-button-icon\">\n\t\t\t\t<svg aria-hidden=\"true\" class=\"e-font-icon-svg e-far-paper-plane\" viewbox=\"0 0 512 512\" xmlns=\"http:\/\/www.w3.org\/2000\/svg\"><path d=\"M440 6.5L24 246.4c-34.4 19.9-31.1 70.8 5.7 85.9L144 379.6V464c0 46.4 59.2 65.5 86.6 28.6l43.8-59.1 111.9 46.2c5.9 2.4 12.1 3.6 18.3 3.6 8.2 0 16.3-2.1 23.6-6.2 12.8-7.2 21.6-20 23.9-34.5l59.4-387.2c6.1-40.1-36.9-68.8-71.5-48.9zM192 464v-64.6l36.6 15.1L192 464zm212.6-28.7l-153.8-63.5L391 169.5c10.7-15.5-9.5-33.5-23.7-21.2L155.8 332.6 48 288 464 48l-59.4 387.3z\"><\/path><\/svg>\t\t\t<\/span>\n\t\t\t\t\t\t\t\t\t<span class=\"elementor-button-text\">OBTENIR MON DEVIS GRATUIT<\/span>\n\t\t\t\t\t<\/span>\n\t\t\t\t\t<\/a>\n\t\t\t\t\t\t\t\t<\/div>\n\t\t\t\t<\/div>\n\t\t\t\t\t<\/div>\n\t\t\t\t<\/div>\n\t\t\t\t<\/div>","protected":false},"excerpt":{"rendered":"<p>A Propos MODALLA&rsquo;S EVENT &amp; DESIGN Nous accompagnons nos clients dans la planification, la coordination et la mise en \u0153uvre d\u2019\u00e9v\u00e9nements uniques \u2014 qu\u2019il s\u2019agisse de c\u00e9l\u00e9brations priv\u00e9es, de mariages d\u2019exception ou de projets corporate \u00e0 grande \u00e9chelle.Notre mission est claire : transformer chaque id\u00e9e en une exp\u00e9rience qui suscite l\u2019\u00e9motion et reste grav\u00e9e dans [&hellip;]<\/p>\n","protected":false},"author":1,"featured_media":0,"parent":0,"menu_order":0,"comment_status":"closed","ping_status":"closed","template":"","meta":{"_kadence_starter_templates_imported_post":false,"footnotes":""},"class_list":["post-1110","page","type-page","status-publish","hentry"],"blocksy_meta":{"page_title_panel":"","has_hero_section":"disabled","9ccc6e22b0ebde1833393100f265018f":"","hero_section":"type-1","hero_elements":[{"id":"custom_title","enabled":true,"heading_tag":"h1","title":"Home"},{"id":"custom_description","enabled":true,"description_visibility":{"desktop":true,"tablet":true,"mobile":false}},{"id":"custom_meta","enabled":false,"meta_elements":[{"id":"author","enabled":true,"label":"By","has_author_avatar":"yes","avatar_size":25},{"id":"post_date","enabled":true,"label":"On","date_format_source":"default","date_format":"M j, Y"},{"id":"updated_date","enabled":false,"label":"On","date_format_source":"default","date_format":"M j, Y"},{"id":"categories","enabled":false,"label":"In","style":"simple"},{"id":"comments","enabled":true}],"page_meta_elements":{"joined":true,"articles_count":true,"comments":true}},{"id":"breadcrumbs","enabled":false}],"bc879f7d13e2539a6e89125caf59f97d":"","hero_alignment1":"CT_CSS_SKIP_RULE","hero_margin":40,"hero_alignment2":"center","hero_vertical_alignment":"center","84e63a4696530818f3b03cc55cba15ae":"","hero_structure":"narrow","d54cb290fb3776c408aff34d87c6234d":"","page_title_bg_type":"featured_image","custom_hero_background":{"attachment_id":null},"page_title_image_size":"full","parallax":{"desktop":false,"tablet":false,"mobile":false},"ddfb1aa47b8227259cfe2c759af7e9ba":"","hero_height":"250px","pageTitleFont":{"family":"Default","variation":"Default","size":"30px","line-height":"CT_CSS_SKIP_RULE","letter-spacing":"CT_CSS_SKIP_RULE","text-transform":"CT_CSS_SKIP_RULE","text-decoration":"CT_CSS_SKIP_RULE"},"pageTitleFontColor":{"default":{"color":"CT_CSS_SKIP_RULEDEFAULT"}},"pageMetaFont":{"family":"Default","variation":"n6","size":"12px","line-height":"1.3","letter-spacing":"CT_CSS_SKIP_RULE","text-transform":"uppercase","text-decoration":"CT_CSS_SKIP_RULE"},"pageMetaFontColor":{"default":{"color":"CT_CSS_SKIP_RULEDEFAULT"},"hover":{"color":"CT_CSS_SKIP_RULEDEFAULT"}},"page_meta_button_type_font_colors":{"default":{"color":"CT_CSS_SKIP_RULEDEFAULT"},"hover":{"color":"CT_CSS_SKIP_RULEDEFAULT"}},"page_meta_button_type_background_colors":{"default":{"color":"CT_CSS_SKIP_RULEDEFAULT"},"hover":{"color":"CT_CSS_SKIP_RULEDEFAULT"}},"pageExcerptFont":{"family":"Default","variation":"Default","size":"CT_CSS_SKIP_RULE","line-height":"CT_CSS_SKIP_RULE","letter-spacing":"CT_CSS_SKIP_RULE","text-transform":"CT_CSS_SKIP_RULE","text-decoration":"CT_CSS_SKIP_RULE"},"pageExcerptColor":{"default":{"color":"CT_CSS_SKIP_RULEDEFAULT"}},"breadcrumbsFont":{"family":"Default","variation":"Default","size":"CT_CSS_SKIP_RULE","line-height":"CT_CSS_SKIP_RULE","letter-spacing":"CT_CSS_SKIP_RULE","text-transform":"CT_CSS_SKIP_RULE","text-decoration":"CT_CSS_SKIP_RULE"},"breadcrumbsFontColor":{"default":{"color":"CT_CSS_SKIP_RULEDEFAULT"},"initial":{"color":"CT_CSS_SKIP_RULEDEFAULT"},"hover":{"color":"CT_CSS_SKIP_RULEDEFAULT"}},"pageTitleOverlay":{"background_type":"color","background_pattern":"type-1","background_image":{"attachment_id":null,"x":0,"y":0},"gradient":"linear-gradient(135deg,rgba(6,147,227,1) 0%,rgb(155,81,224) 100%)","background_repeat":"repeat","background_size":"auto","background_attachment":"scroll","patternColor":{"default":{"color":"#e5e7ea"}},"overlayColor":{"default":{"color":"CT_CSS_SKIP_RULE"}},"backgroundColor":{"default":{"color":"CT_CSS_SKIP_RULE"}}},"pageTitleBackground":{"background_type":"color","background_pattern":"type-1","background_image":{"attachment_id":null,"x":0,"y":0},"gradient":"linear-gradient(135deg,rgba(6,147,227,1) 0%,rgb(155,81,224) 100%)","background_repeat":"repeat","background_size":"auto","background_attachment":"scroll","patternColor":{"default":{"color":"#e5e7ea"}},"overlayColor":{"default":{"color":"CT_CSS_SKIP_RULE"}},"backgroundColor":{"default":{"color":"var(--theme-palette-color-6)"}}},"pageTitlePadding":{"top":"50px","bottom":"50px","left":"auto","right":"auto","linked":true},"3473fc831647b772382e38eb4a6a4726":"","page_structure_type":"default","efcac9982ce6f8d55a56c2b9bcc71daf":"","content_style_source":"inherit","content_style":"wide","vertical_spacing_source":"custom","content_area_spacing":"none","background":{"background_type":"color","background_pattern":"type-1","background_image":{"attachment_id":null,"x":0,"y":0},"gradient":"linear-gradient(135deg,rgba(6,147,227,1) 0%,rgb(155,81,224) 100%)","background_repeat":"repeat","background_size":"auto","background_attachment":"scroll","patternColor":{"default":{"color":"#e5e7ea"}},"overlayColor":{"default":{"color":"CT_CSS_SKIP_RULE"}},"backgroundColor":{"default":{"color":"CT_CSS_SKIP_RULE"}}},"content_background":{"background_type":"color","background_pattern":"type-1","background_image":{"attachment_id":null,"x":0,"y":0},"gradient":"linear-gradient(135deg,rgba(6,147,227,1) 0%,rgb(155,81,224) 100%)","background_repeat":"repeat","background_size":"auto","background_attachment":"scroll","patternColor":{"default":{"color":"#e5e7ea"}},"overlayColor":{"default":{"color":"CT_CSS_SKIP_RULE"}},"backgroundColor":{"default":{"color":"var(--theme-palette-color-8)"}}},"content_boxed_shadow":{"inherit":false,"blur":18,"spread":-6,"v_offset":12,"h_offset":0,"inset":false,"enable":true,"color":{"color":"rgba(34, 56, 101, 0.04)"}},"content_boxed_border":{"width":1,"style":"none","color":{"color":"rgba(44,62,80,0.2)"}},"content_boxed_radius":{"top":"3px","bottom":"3px","left":"3px","right":"3px","linked":true},"boxed_content_spacing":{"desktop":{"top":"40px","bottom":"40px","left":"40px","right":"40px","linked":true},"tablet":{"top":"35px","bottom":"35px","left":"35px","right":"35px","linked":true},"mobile":{"top":"20px","bottom":"20px","left":"20px","right":"20px","linked":true}},"1b9d3d9f9617067fdc660ae32bcabe65":"","disable_featured_image":"no","disable_share_box":"no","disable_header":"no","disable_footer":"no","styles_descriptor":{"styles":{"desktop":"","tablet":"","mobile":""},"google_fonts":[],"version":6}},"_links":{"self":[{"href":"https:\/\/modallas-event.com\/en\/wp-json\/wp\/v2\/pages\/1110","targetHints":{"allow":["GET"]}}],"collection":[{"href":"https:\/\/modallas-event.com\/en\/wp-json\/wp\/v2\/pages"}],"about":[{"href":"https:\/\/modallas-event.com\/en\/wp-json\/wp\/v2\/types\/page"}],"author":[{"embeddable":true,"href":"https:\/\/modallas-event.com\/en\/wp-json\/wp\/v2\/users\/1"}],"replies":[{"embeddable":true,"href":"https:\/\/modallas-event.com\/en\/wp-json\/wp\/v2\/comments?post=1110"}],"version-history":[{"count":54,"href":"https:\/\/modallas-event.com\/en\/wp-json\/wp\/v2\/pages\/1110\/revisions"}],"predecessor-version":[{"id":2933,"href":"https:\/\/modallas-event.com\/en\/wp-json\/wp\/v2\/pages\/1110\/revisions\/2933"}],"wp:attachment":[{"href":"https:\/\/modallas-event.com\/en\/wp-json\/wp\/v2\/media?parent=1110"}],"curies":[{"name":"wp","href":"https:\/\/api.w.org\/{rel}","templated":true}]}}